{"id":790,"date":"2018-08-31T16:00:09","date_gmt":"2018-08-31T19:00:09","guid":{"rendered":"https:\/\/ens37-sfe.infd.edu.ar\/sitio\/un-poco-de-historia\/"},"modified":"2024-06-13T11:55:10","modified_gmt":"2024-06-13T14:55:10","slug":"un-poco-de-historia","status":"publish","type":"page","link":"https:\/\/ens37-sfe.infd.edu.ar\/sitio\/un-poco-de-historia\/","title":{"rendered":"Un poco de historia"},"content":{"rendered":"<p><strong><em>La escuela que supimos conseguir&#8230;<\/em><\/strong><\/p>\n<p><strong>\u00a0<\/strong>Como tantas Escuelas Normales de\u00a0Argentina, la nuestra\u00a0debe su existencia al empe\u00f1o de la comunidad local. En efecto, en marzo de 1949, fue la directora de la Escuela Fiscal N\u00ba 180, se\u00f1ora Dora Bonfiglio de Aiello, convoca a reuni\u00f3n de padres con el objetivo de crear en Alcorta un establecimiento educacional de nivel secundario. Se conform\u00f3 as\u00ed una comisi\u00f3n Pro Escuela que, con el aval personal de sus integrantes, contrajo compromisos de alquiler del edificio destinado al local escolar y tambi\u00e9n con el comercio donde se hab\u00edan adquirido muebles y \u00fatiles necesarios para el funcionamiento del colegio.<\/p>\n<p>Con el apoyo masivo de la poblaci\u00f3n y la colaboraci\u00f3n de la Comuna de Alcorta para gastos de alquiler del local y las primeras gestiones tendientes a obtener la oficializaci\u00f3n del establecimiento a nivel nacional, el 20 de marzo de 1950, se inaugura el ciclo lectivo en el edificio ubicado en la calle Rivadavia 142.<br \/>\nLa escuela recibi\u00f3 la denominaci\u00f3n de \u201cInstituto General Jos\u00e9 de San Mart\u00edn\u201d y funcionaba como bachillerato particular, adscripto a partir del 11 de octubre de 1950 al Colegio Nacional N\u00ba 1 de Rosario. Su primer rector fue el se\u00f1or Marcelino J. Alvigini. Cuatro a\u00f1os despu\u00e9s se recib\u00eda la primera promoci\u00f3n de bachilleres.<\/p>\n<p>El 1\u00ba de octubre de 1959, siendo el director el doctor Artemio Ferreyra, acontece la oficializaci\u00f3n del establecimiento, siendo el director el doctor Artemio Ferreyra y con ello, la instituci\u00f3n pasa a llamarse Escuela Nacional Normal, debido a que ese mismo a\u00f1o la escuela sum\u00f3 al Bachillerato el Ciclo del Magisterio con su departamento de Aplicaci\u00f3n.<\/p>\n<p>A\u00f1os m\u00e1s tarde (1963), bajo la direcci\u00f3n del Dr. Pedro Valtier, se incorpora el Ciclo Comercial y en abril de 1975, con lo que pasa a denominarse Escuela Nacional Normal Superior.<\/p>\n<p>En marzo de 1984, y gracias a la generosa donaci\u00f3n del Sr. Alberico Angelozzi, el Normal 37 deja su edificio de origen y se traslada al moderno local ubicado en la calle Alberico Angelozzi 577.<\/p>\n<p>En la actualidad, este establecimiento lleva la denominaci\u00f3n de &#8211; ESCUELA NORMAL SUPERIOR NRO 37<br \/>\n\u00abDR. PEDRO VALTIER\u00bb , y constituye la \u00fanica instituci\u00f3n educativa de gesti\u00f3n p\u00fablica de la zona con todos los niveles educativos del sistema.<\/p>\n","protected":false},"excerpt":{"rendered":"<p>La escuela que supimos conseguir&#8230; \u00a0Como tantas Escuelas Normales de\u00a0Argentina, la nuestra\u00a0debe su existencia al empe\u00f1o de la comunidad local. En efecto, en marzo de 1949, fue la directora de la Escuela Fiscal N\u00ba 180, se\u00f1ora Dora Bonfiglio de Aiello, convoca a reuni\u00f3n de padres con el objetivo de crear en Alcorta un establecimiento educacional &#8230; <a title=\"Un poco de historia\" class=\"read-more\" href=\"https:\/\/ens37-sfe.infd.edu.ar\/sitio\/un-poco-de-historia\/\" aria-label=\"More on Un poco de historia\">[+]<\/a><\/p>\n","protected":false},"author":160,"featured_media":0,"parent":0,"menu_order":0,"comment_status":"closed","ping_status":"closed","template":"","meta":[],"acf":[],"_links":{"self":[{"href":"https:\/\/ens37-sfe.infd.edu.ar\/sitio\/wp-json\/wp\/v2\/pages\/790"}],"collection":[{"href":"https:\/\/ens37-sfe.infd.edu.ar\/sitio\/wp-json\/wp\/v2\/pages"}],"about":[{"href":"https:\/\/ens37-sfe.infd.edu.ar\/sitio\/wp-json\/wp\/v2\/types\/page"}],"author":[{"embeddable":true,"href":"https:\/\/ens37-sfe.infd.edu.ar\/sitio\/wp-json\/wp\/v2\/users\/160"}],"replies":[{"embeddable":true,"href":"https:\/\/ens37-sfe.infd.edu.ar\/sitio\/wp-json\/wp\/v2\/comments?post=790"}],"version-history":[{"count":3,"href":"https:\/\/ens37-sfe.infd.edu.ar\/sitio\/wp-json\/wp\/v2\/pages\/790\/revisions"}],"predecessor-version":[{"id":934,"href":"https:\/\/ens37-sfe.infd.edu.ar\/sitio\/wp-json\/wp\/v2\/pages\/790\/revisions\/934"}],"wp:attachment":[{"href":"https:\/\/ens37-sfe.infd.edu.ar\/sitio\/wp-json\/wp\/v2\/media?parent=790"}],"curies":[{"name":"wp","href":"https:\/\/api.w.org\/{rel}","templated":true}]}}