{"id":788,"date":"2020-04-27T16:00:08","date_gmt":"2020-04-27T19:00:08","guid":{"rendered":"https:\/\/ens37-sfe.infd.edu.ar\/sitio\/autoridades\/"},"modified":"2024-06-27T10:00:28","modified_gmt":"2024-06-27T13:00:28","slug":"autoridades","status":"publish","type":"page","link":"https:\/\/ens37-sfe.infd.edu.ar\/sitio\/autoridades\/","title":{"rendered":"Autoridades"},"content":{"rendered":"<p><span style=\"font-size: 12pt;\"><strong>Rectora: <\/strong>Prof. Mar\u00eda de los A. Diaz<br \/>\n<\/span><\/p>\n<p><span style=\"font-size: 12pt;\"><strong>Vicerrectora:\u00a0<\/strong> Prof. Daniela Sureda<br \/>\n<\/span><\/p>\n<p><span style=\"font-size: 12pt;\"><strong>Regente: <\/strong>Prof. Lic. Lorena Pellegrini<\/p>\n<p><strong>Regente Reemp. : <\/strong>Prof. Martin Arkwright<\/span><\/p>\n<p><span style=\"font-size: 12pt;\"><strong>Jefa de Secci\u00f3n P.E.P.:<\/strong> Prof. Mar\u00eda Cecilia Miandro<\/span><\/p>\n<p><span style=\"font-size: 12pt;\"><strong>Jefa de Secci\u00f3n P.E.I.: <\/strong>Prof. Daniela Foglia<\/span><\/p>\n<p><strong>Jefa de Trayecto de Pr\u00e1ctica: <\/strong>Prof. Vanina Navarro<\/p>\n<p><span style=\"font-size: 12pt;\"><strong>Prosecretaria:\u00a0 <\/strong>Prof. Betiana Vargas Paolucci<br \/>\n<\/span><\/p>\n","protected":false},"excerpt":{"rendered":"<p>Rectora: Prof. Mar\u00eda de los A. Diaz Vicerrectora:\u00a0 Prof. Daniela Sureda Regente: Prof. Lic. Lorena Pellegrini Regente Reemp. : Prof. Martin Arkwright Jefa de Secci\u00f3n P.E.P.: Prof. Mar\u00eda Cecilia Miandro Jefa de Secci\u00f3n P.E.I.: Prof. Daniela Foglia Jefa de Trayecto de Pr\u00e1ctica: Prof. Vanina Navarro Prosecretaria:\u00a0 Prof. Betiana Vargas Paolucci<\/p>\n","protected":false},"author":160,"featured_media":0,"parent":0,"menu_order":0,"comment_status":"closed","ping_status":"closed","template":"","meta":[],"acf":[],"_links":{"self":[{"href":"https:\/\/ens37-sfe.infd.edu.ar\/sitio\/wp-json\/wp\/v2\/pages\/788"}],"collection":[{"href":"https:\/\/ens37-sfe.infd.edu.ar\/sitio\/wp-json\/wp\/v2\/pages"}],"about":[{"href":"https:\/\/ens37-sfe.infd.edu.ar\/sitio\/wp-json\/wp\/v2\/types\/page"}],"author":[{"embeddable":true,"href":"https:\/\/ens37-sfe.infd.edu.ar\/sitio\/wp-json\/wp\/v2\/users\/160"}],"replies":[{"embeddable":true,"href":"https:\/\/ens37-sfe.infd.edu.ar\/sitio\/wp-json\/wp\/v2\/comments?post=788"}],"version-history":[{"count":8,"href":"https:\/\/ens37-sfe.infd.edu.ar\/sitio\/wp-json\/wp\/v2\/pages\/788\/revisions"}],"predecessor-version":[{"id":936,"href":"https:\/\/ens37-sfe.infd.edu.ar\/sitio\/wp-json\/wp\/v2\/pages\/788\/revisions\/936"}],"wp:attachment":[{"href":"https:\/\/ens37-sfe.infd.edu.ar\/sitio\/wp-json\/wp\/v2\/media?parent=788"}],"curies":[{"name":"wp","href":"https:\/\/api.w.org\/{rel}","templated":true}]}}